{"id":49,"date":"2023-09-17T21:26:53","date_gmt":"2023-09-17T21:26:53","guid":{"rendered":"http:\/\/densyngendefiolinen.com\/?page_id=49"},"modified":"2026-03-07T18:37:23","modified_gmt":"2026-03-07T18:37:23","slug":"biografi","status":"publish","type":"page","link":"http:\/\/densyngendefiolinen.com\/?page_id=49","title":{"rendered":"Biografi"},"content":{"rendered":"\n<p>Lu\u00edra Sara Aitta er en allsidig musiker. Hun ga ut et solo album <strong><em><code>`Free<\/code> <\/em>`<\/strong>under navnet <code><strong><em>Lu\u00edra<\/em><\/strong><\/code> i oktober 2021. Hun spiller klassisk kammermusikk og har lang erfaring med dette. Sist, men ikke minst, har hun drevet et eget progressiv metalband i flere \u00e5r.<\/p>\n\n\n\n<p>Hun fokuserer s\u00e5 mye som mulig p\u00e5 eleven hun har foran seg; ingen personer er like. Dette blir tydelig i all hennes undervisning. I tillegg tiln\u00e6rmer Lu\u00edra seg timene sine p\u00e5 en helhetlig m\u00e5te &#8211; holistisk. Dette gir de beste resultatene etter mer enn tretten \u00e5rs erfaring. Men moroa med \u00e5 spille er selvf\u00f8lgelig det viktigste!<\/p>\n\n\n\n<p>Da Lu\u00edra var ni \u00e5r gammel, ga <strong><em>farfar<\/em><\/strong> henne en fiolin, og hun ble gitt til Lu\u00edra fordi han ble for gammel til \u00e5 spille p\u00e5 den selv. Da hun fikk instrumentet i hendene, ble hun \u00f8yeblikkelig solgt. Og da begynte Lu\u00edra sin magiske musikkreise!<\/p>\n\n\n\n<p>I 2006 ble Lu\u00edra Sara Aitta  akseptert p\u00e5 Codarts University for Arts i retningen klassisk fiolin, og da startet virkelig alt! I l\u00f8pet av disse \u00e5rene spilte hun klassiske verk fra Bach og Mozart til Shostakovich og Smetana. Hun tok fiolintimer hos <strong><em>Natalia Morozova<\/em><\/strong> og fikk kammermusikk timer fra strykere av Rotterdam Philharmonic Orchestra, bl a.: Marien van Staalen, Tommy Shimon, Gordan Nikolic og Sander Sittig. Hennes spesialiseringen ble kammermusikk, som hun ogs\u00e5 fremf\u00f8rte live med hennes <strong><em>Con Anima Piano Trio<\/em><\/strong>. Med denne pianotrioen klarte Lu\u00edra fullt ut \u00e5 uttrykke hennes kj\u00e6rlighet til klassisk kammermusikk. Hun likte dette veldig, men<strong><em> i skole\u00e5ret 2009\/ 2010 ble Con Anima Trio ogs\u00e5 valgt ut til det beste opkommende musikalske ensemblet i det skole\u00e5ret fra Codarts University for the Arts.<\/em><\/strong><\/p>\n\n\n\n<figure class=\"wp-block-embed alignleft is-type-video is-provider-youtube wp-block-embed-youtube wp-embed-aspect-16-9 wp-has-aspect-ratio\"><div class=\"wp-block-embed__wrapper\">\n<iframe loading=\"lazy\" title=\"Luira Sara Aitta - Sinding&#039;s L\u00e9gende for Violin &amp; Orchestra B flat Major Opus 46\" width=\"640\" height=\"360\" src=\"https:\/\/www.youtube.com\/embed\/aEIJ2qXuiMU?feature=oembed\" frameborder=\"0\" allow=\"accelerometer; autoplay; clipboard-write; encrypted-media; gyroscope; picture-in-picture; web-share\" referrerpolicy=\"strict-origin-when-cross-origin\" allowfullscreen><\/iframe>\n<\/div><figcaption class=\"wp-element-caption\"><mark style=\"background-color:rgba(0, 0, 0, 0)\" class=\"has-inline-color has-purple-color\">Christian Sinding&#8217;s L\u00e9gende for Violin &amp; Orchestra B flat Major Opus 46<\/mark><\/figcaption><\/figure>\n\n\n\n<p>I tillegg til fiolin studiene, tok Lu\u00edra p\u00e5 Codarts University ogs\u00e5 sangtimer fra og med hennes andre \u00e5r, som ogs\u00e5 ble et hovedfag. <\/p>\n\n\n\n<p>Da kunne hun oppfylle hennes andre lidenskap! Lu\u00edra tok sangtimer hos <strong><em>Harjo Pasveer<\/em><\/strong> som l\u00e6rte henne alt mulig: fra klassisk sang, til pop- og rock sang og alternative sangstiler som br\u00f8lling! De siste 3 \u00e5rene utvidet hun horisonten ved \u00e5 l\u00e6re seg selv blant annet strupesang, \u00e5 spille tagelharpe og bygget venn og \u00e5ndelig l\u00e6rer hennes, Knut Fuglesteg, Lu\u00edra Sara Aitta en Samisk rammetromme: en stor dr\u00f8m hun hadde i mange \u00e5r som gikk i oppfylelse. Denne trommen betyr mye for hun, og nym\u00e5nen p\u00e5 trommen st\u00e5r bl.a. for en ny begynnelse.<\/p>\n\n\n\n<p>Klassisk musikk er ikke hennes eneste lidenskap. I mange \u00e5r h\u00f8rte Lu\u00edra ogs\u00e5 p\u00e5 alternative musikkstiler som: (prog)rock, heavy metal, new age og indie rock. Hun ble p\u00e5virket av artister som bl.a.: Queen, Sivert H\u00f8yem, Mari Boine, Simon and Garfunkel, Enslaved, Depeche Mode, Bj\u00f6rk, Inga Juuso, Pink Floyd, Wardruna, Muse, Sonata Arctica, Eiv\u00f8r, Opeth, Blind Guardian, Mike Oldfield, og Kate Bush. I tredje studie\u00e5ret av de fem \u00e5rene hun studerte, bestemte Lu\u00edra seg \u00e5 utforske disse preferansene ved \u00e5 starte selv en minor p\u00e5 Codarts University of the Arts! Hun ville virkelig l\u00e6re seg \u00e5 komponere og spille i et band, en stor dr\u00f8m som endelig gikk i oppfyllelse. Denne over- kryssende minor kan fortsatt f\u00f8lges p\u00e5 Codarts University under navnet <code><strong><em>Rock minor for Strykere<\/em><\/strong><\/code>.<\/p>\n\n\n\n<p>Et band formet seg fra denne minor som hun d\u00f8pte Adeia i 2008 (Adeia betyr p\u00e5 gammelgresk: `Freedom from Fear`). Innenfor dette bandet gjorde hun om diktene sine til tekster og l\u00e6rte gradsvis hvordan hun skulle skrive egne l\u00e5ter\/ komposisjoner. Det samme \u00e5ret spilte Lu\u00edra ogs\u00e5 p\u00e5 en <strong><em>elektrisk fiolin <\/em><\/strong>for f\u00f8rste gang! Til slutt klarte hun \u00e5 skape en unik opplevelse under avsluttende eksamen fordi hun kunne kombinere kj\u00e6rligheten hennes til b\u00e5de klassisk og alternativ musikk. Lu\u00edra sin avsluttende eksamen besto av to deler: den f\u00f8rste halvdelen klassiske stykker (Shostakovich Piano Trio Nr. 2 in E Minor op. 67 og Christian Sinding&#8217;s L\u00e9gende for Violin &amp; Orchestra B flat Major Opus 46), og andre halvdelen var egne komposisjoner fra bandet hennes, <strong><em>Adeia<\/em><\/strong>.<\/p>\n\n\n\n<p><\/p>\n\n\n\n<p><\/p>\n\n\n\n<figure class=\"wp-block-embed aligncenter is-type-rich is-provider-spotify wp-block-embed-spotify wp-embed-aspect-21-9 wp-has-aspect-ratio\"><div class=\"wp-block-embed__wrapper\">\n<iframe title=\"Spotify Embed: Adeia\" style=\"border-radius: 12px\" width=\"100%\" height=\"352\" frameborder=\"0\" allowfullscreen allow=\"autoplay; clipboard-write; encrypted-media; fullscreen; picture-in-picture\" loading=\"lazy\" src=\"https:\/\/open.spotify.com\/embed\/artist\/2HXkY2E4L4r1U4Lz2zlf5Q?si=JWJ5x08fRliP9dDUWGkYKw&amp;utm_source=oembed\"><\/iframe>\n<\/div><figcaption class=\"wp-element-caption\"><strong><em><mark style=\"background-color:rgba(0, 0, 0, 0)\" class=\"has-inline-color has-purple-color\">Adeia ~ p\u00e5 Spotify <\/mark><\/em><\/strong><\/figcaption><\/figure>\n\n\n\n<p><\/p>\n\n\n\n<p>Adeia sluttet dessverre i 2017 etter \u00e5 ha v\u00e6rt aktiv i \u00e5tte \u00e5r, etter \u00e5 ha spilt mange konserter, p\u00e5 metal\/ rockefestivaler og dem slapp to studio album i full lengde (Hourglass og Serenity, begge p\u00e5 bl.a. Spotify og Youtube).<\/p>\n\n\n\n<p><\/p>\n\n\n\n<p><\/p>\n\n\n\n<figure class=\"wp-block-embed alignright is-type-video is-provider-youtube wp-block-embed-youtube wp-embed-aspect-16-9 wp-has-aspect-ratio\"><div class=\"wp-block-embed__wrapper\">\n<iframe loading=\"lazy\" title=\"Adeia - Cordyceps (Live)\" width=\"640\" height=\"360\" src=\"https:\/\/www.youtube.com\/embed\/wd6_qCrPIUo?feature=oembed\" frameborder=\"0\" allow=\"accelerometer; autoplay; clipboard-write; encrypted-media; gyroscope; picture-in-picture; web-share\" referrerpolicy=\"strict-origin-when-cross-origin\" allowfullscreen><\/iframe>\n<\/div><figcaption class=\"wp-element-caption\"><strong><em><mark style=\"background-color:rgba(0, 0, 0, 0)\" class=\"has-inline-color has-purple-color\">Cordyceps live &#8211; Adeia<\/mark><\/em><\/strong><\/figcaption><\/figure>\n\n\n\n<p><\/p>\n\n\n\n<p>Etter noen m\u00e5neder bestemte Lu\u00edra seg for \u00e5 begynne \u00e5 komponere ny musikk i september 2017, denne gangen alene, som solomusiker.<\/p>\n\n\n\n<p>Dette var starten p\u00e5 en veldig spennende reise! Hun l\u00e6rte seg ikke bare andre sangteknikker som strupesang, men ogs\u00e5 verden av miksing og <strong><em>musikkproduksjon<\/em><\/strong> \u00e5pnet seg opp for henne. Lu\u00edra tok musikkproduksjon timer fra gitarist, komponist og grawler Sander Gommans (kjent fra After Forever \/ Trillium \/ Mayan \/ Phantom Elite) og ekstra komposisjons timer fra venn og komponist\/ musiker Florian Magnus Maier (Dark Fortress, Alkaloid, Noneuclid). I 2017 innspilte Lu\u00edra fioliner til <em><strong>Phantom Elite <\/strong><\/em>sitt f\u00f8rste singel, `Wasteland`. Den kan f\u00e5 h\u00f8res og ses p\u00e5 Youtube! <strong><em>Sander Gommans<\/em><\/strong> og Lu\u00edra fortsatte ikke bare med et kult samarbeid i de \u00e5rene fremover, men Sander ble ogs\u00e5 Lu\u00edra sin mentor. <\/p>\n\n\n\n<p class=\"has-regular-font-size\">Lu\u00edra Sara Aitta f\u00f8rste soloalbum ble sluppet andre oktober 2021, under navnet <a href=\"https:\/\/soundcloud.com\/user-795899161\"><code>Lu\u00edra<\/code><\/a> . Naturen er en av Lu\u00edra st\u00f8rste inspirasjoner, samt klimaendringer, menneskehetens fotavtrykk, egne historier\/ fortid, dyr, psykologi, universet, samfunnet, menneskerettigheter, norr\u00f8n mythologi, \u00e5nder og mye mer. <\/p>\n\n\n\n<p class=\"has-regular-font-size\">I 2023 fikk hun scenekunstprodusent i Bergen i Syv Mil (Ingrid Saltvik Faanes) og i januar 2024 ble hun signert av promobyr\u00e5et <code><strong><em>Graviton Music Services<\/em><\/strong><\/code> for \u00e5 st\u00f8tte, veilede og promotere Lu\u00edra videre p\u00e5 hennes reise.<\/p>\n\n\n\n<p class=\"has-regular-font-size\">September 2024 fikk Luira et samarbeid med den velkjente musikkprodusenten Bjarne Stensli (kjent for sitt samarbeid med den ber\u00f8mte norske poplegenden A-Ha, Sivert H\u00f8yem, Satyricon og Kaizers Orchestra). <\/p>\n\n\n\n<p><\/p>\n\n\n\n<p class=\"has-regular-font-size\">Nylig presenterte Lu\u00edra sin kommende solo plate p\u00e5 Galleri Fjalar (Bryggen) for musikkmilj\u00f8et i Bergen i samarbeid med den dyktige musikeren og selve gallerieier Kristian Espedal (Gaahl). Hun flyttet tilbake til Troms\u00f8 i slutten av september 2025. Lu\u00edra starter opp igjen etter den 1. oktober 2025.<\/p>\n\n\n\n<p class=\"has-text-align-center has-text-color has-regular-font-size\" style=\"color:#4a005e\"><strong><em>Det blir en<\/em><\/strong> <strong><em>ny start i vakre Troms\u00f8!<\/em><\/strong> &lt;3<\/p>\n\n\n\n<p><\/p>\n\n\n<div class=\"wp-block-image\">\n<figure class=\"aligncenter size-full is-resized\"><img loading=\"lazy\" decoding=\"async\" width=\"960\" height=\"948\" src=\"http:\/\/densyngendefiolinen.com\/wp-content\/uploads\/2023\/09\/Luira-Borderless-State-of-Mind-Til-Pappa-2023.jpg\" alt=\"\" class=\"wp-image-138\" style=\"aspect-ratio:1.0126582278481013;width:920px;height:auto\" srcset=\"http:\/\/densyngendefiolinen.com\/wp-content\/uploads\/2023\/09\/Luira-Borderless-State-of-Mind-Til-Pappa-2023.jpg 960w, http:\/\/densyngendefiolinen.com\/wp-content\/uploads\/2023\/09\/Luira-Borderless-State-of-Mind-Til-Pappa-2023-300x296.jpg 300w, http:\/\/densyngendefiolinen.com\/wp-content\/uploads\/2023\/09\/Luira-Borderless-State-of-Mind-Til-Pappa-2023-768x758.jpg 768w\" sizes=\"auto, (max-width: 960px) 100vw, 960px\" \/><figcaption class=\"wp-element-caption\"><mark style=\"background-color:rgba(0, 0, 0, 0)\" class=\"has-inline-color has-purple-color\"><strong><em>`<i style=\"font-weight: bold;\"><code>Borderless State of Mind<\/code>` p\u00e5 Troms\u00f8 Kulturhus 26 august 2023 ~ `<\/i><\/em><\/strong><em><i style=\"font-weight: bold;\">Til Pappa<\/i><\/em><strong><em><i style=\"font-weight: bold;\">`.<\/i><\/em><\/strong><\/mark><\/figcaption><\/figure><\/div>","protected":false},"excerpt":{"rendered":"<p>Lu\u00edra Sara Aitta er en allsidig musiker. Hun ga ut et solo album `Free `under navnet Lu\u00edra i oktober 2021. Hun spiller klassisk kammermusikk og [&hellip;]<\/p>\n","protected":false},"author":1,"featured_media":0,"parent":0,"menu_order":2,"comment_status":"closed","ping_status":"closed","template":"","meta":{"footnotes":""},"class_list":["post-49","page","type-page","status-publish","hentry"],"_links":{"self":[{"href":"http:\/\/densyngendefiolinen.com\/index.php?rest_route=\/wp\/v2\/pages\/49","targetHints":{"allow":["GET"]}}],"collection":[{"href":"http:\/\/densyngendefiolinen.com\/index.php?rest_route=\/wp\/v2\/pages"}],"about":[{"href":"http:\/\/densyngendefiolinen.com\/index.php?rest_route=\/wp\/v2\/types\/page"}],"author":[{"embeddable":true,"href":"http:\/\/densyngendefiolinen.com\/index.php?rest_route=\/wp\/v2\/users\/1"}],"replies":[{"embeddable":true,"href":"http:\/\/densyngendefiolinen.com\/index.php?rest_route=%2Fwp%2Fv2%2Fcomments&post=49"}],"version-history":[{"count":57,"href":"http:\/\/densyngendefiolinen.com\/index.php?rest_route=\/wp\/v2\/pages\/49\/revisions"}],"predecessor-version":[{"id":414,"href":"http:\/\/densyngendefiolinen.com\/index.php?rest_route=\/wp\/v2\/pages\/49\/revisions\/414"}],"wp:attachment":[{"href":"http:\/\/densyngendefiolinen.com\/index.php?rest_route=%2Fwp%2Fv2%2Fmedia&parent=49"}],"curies":[{"name":"wp","href":"https:\/\/api.w.org\/{rel}","templated":true}]}}